{"id":64,"date":"2021-08-27T15:13:08","date_gmt":"2021-08-27T18:13:08","guid":{"rendered":"http:\/\/158.170.66.230\/uie\/?page_id=64"},"modified":"2023-06-10T21:16:28","modified_gmt":"2023-06-11T00:16:28","slug":"documentos-y-procesos","status":"publish","type":"page","link":"https:\/\/dinem.usach.cl\/index.php\/documentos-y-procesos\/","title":{"rendered":"DOCUMENTOS Y PROCESOS"},"content":{"rendered":"\t\t<div data-elementor-type=\"wp-page\" data-elementor-id=\"64\" class=\"elementor elementor-64\" data-elementor-post-type=\"page\">\n\t\t\t\t\t\t\t\t\t<section class=\"elementor-section elementor-top-section elementor-element elementor-element-3210c610 elementor-section-full_width elementor-section-height-default elementor-section-height-default\" data-id=\"3210c610\" data-element_type=\"section\" data-settings=\"{&quot;background_background&quot;:&quot;classic&quot;}\">\n\t\t\t\t\t\t<div class=\"elementor-container elementor-column-gap-default\">\n\t\t\t\t\t<div class=\"elementor-column elementor-col-50 elementor-top-column elementor-element elementor-element-5ae242ae\" data-id=\"5ae242ae\" data-element_type=\"column\">\n\t\t\t<div class=\"elementor-widget-wrap\">\n\t\t\t\t\t\t\t\t\t<\/div>\n\t\t<\/div>\n\t\t\t\t<div class=\"elementor-column elementor-col-50 elementor-top-column elementor-element elementor-element-62823028\" data-id=\"62823028\" data-element_type=\"column\">\n\t\t\t<div class=\"elementor-widget-wrap\">\n\t\t\t\t\t\t\t\t\t<\/div>\n\t\t<\/div>\n\t\t\t\t\t\t\t<\/div>\n\t\t<\/section>\n\t\t\t\t<section class=\"elementor-section elementor-top-section elementor-element elementor-element-4b14c1bc elementor-section-full_width elementor-section-stretched elementor-section-height-default elementor-section-height-default\" data-id=\"4b14c1bc\" data-element_type=\"section\" data-settings=\"{&quot;background_background&quot;:&quot;classic&quot;,&quot;stretch_section&quot;:&quot;section-stretched&quot;}\">\n\t\t\t\t\t\t<div class=\"elementor-container elementor-column-gap-default\">\n\t\t\t\t\t<div class=\"elementor-column elementor-col-100 elementor-top-column elementor-element elementor-element-3fc9dfb1\" data-id=\"3fc9dfb1\" data-element_type=\"column\">\n\t\t\t<div class=\"elementor-widget-wrap elementor-element-populated\">\n\t\t\t\t\t\t\t\t<div class=\"elementor-element elementor-element-3bb41cc0 elementor-widget elementor-widget-heading\" data-id=\"3bb41cc0\" data-element_type=\"widget\" data-widget_type=\"heading.default\">\n\t\t\t\t<div class=\"elementor-widget-container\">\n\t\t\t<h2 class=\"elementor-heading-title elementor-size-default\">REPOSITORIO DE DOCUMENTOS DINEM<\/h2>\t\t<\/div>\n\t\t\t\t<\/div>\n\t\t\t\t\t<\/div>\n\t\t<\/div>\n\t\t\t\t\t\t\t<\/div>\n\t\t<\/section>\n\t\t\t\t<section class=\"elementor-section elementor-top-section elementor-element elementor-element-d703580 elementor-section-full_width elementor-section-height-default elementor-section-height-default\" data-id=\"d703580\" data-element_type=\"section\" data-settings=\"{&quot;background_background&quot;:&quot;classic&quot;}\">\n\t\t\t\t\t\t<div class=\"elementor-container elementor-column-gap-default\">\n\t\t\t\t\t<div class=\"elementor-column elementor-col-100 elementor-top-column elementor-element elementor-element-333bef9\" data-id=\"333bef9\" data-element_type=\"column\">\n\t\t\t<div class=\"elementor-widget-wrap elementor-element-populated\">\n\t\t\t\t\t\t\t\t<div class=\"elementor-element elementor-element-f05abfe elementor-tabs-view-horizontal elementor-widget elementor-widget-tabs\" data-id=\"f05abfe\" data-element_type=\"widget\" data-widget_type=\"tabs.default\">\n\t\t\t\t<div class=\"elementor-widget-container\">\n\t\t\t\t\t<div class=\"elementor-tabs\">\n\t\t\t<div class=\"elementor-tabs-wrapper\" role=\"tablist\" >\n\t\t\t\t\t\t\t\t\t<div id=\"elementor-tab-title-2521\" class=\"elementor-tab-title elementor-tab-desktop-title\" aria-selected=\"true\" data-tab=\"1\" role=\"tab\" tabindex=\"0\" aria-controls=\"elementor-tab-content-2521\" aria-expanded=\"false\">POL\u00cdTICAS Y REGLAMENTOS <\/div>\n\t\t\t\t\t\t\t\t\t<div id=\"elementor-tab-title-2522\" class=\"elementor-tab-title elementor-tab-desktop-title\" aria-selected=\"false\" data-tab=\"2\" role=\"tab\" tabindex=\"-1\" aria-controls=\"elementor-tab-content-2522\" aria-expanded=\"false\">PROCESOS GENERALES<\/div>\n\t\t\t\t\t\t\t\t\t<div id=\"elementor-tab-title-2523\" class=\"elementor-tab-title elementor-tab-desktop-title\" aria-selected=\"false\" data-tab=\"3\" role=\"tab\" tabindex=\"-1\" aria-controls=\"elementor-tab-content-2523\" aria-expanded=\"false\">GU\u00cdAS Y MANUALES<\/div>\n\t\t\t\t\t\t\t\t\t<div id=\"elementor-tab-title-2524\" class=\"elementor-tab-title elementor-tab-desktop-title\" aria-selected=\"false\" data-tab=\"4\" role=\"tab\" tabindex=\"-1\" aria-controls=\"elementor-tab-content-2524\" aria-expanded=\"false\">SOLICITUDES  DE COMPRA VRIIC<\/div>\n\t\t\t\t\t\t\t<\/div>\n\t\t\t<div class=\"elementor-tabs-content-wrapper\" role=\"tablist\" aria-orientation=\"vertical\">\n\t\t\t\t\t\t\t\t\t<div class=\"elementor-tab-title elementor-tab-mobile-title\" aria-selected=\"true\" data-tab=\"1\" role=\"tab\" tabindex=\"0\" aria-controls=\"elementor-tab-content-2521\" aria-expanded=\"false\">POL\u00cdTICAS Y REGLAMENTOS <\/div>\n\t\t\t\t\t<div id=\"elementor-tab-content-2521\" class=\"elementor-tab-content elementor-clearfix\" data-tab=\"1\" role=\"tabpanel\" aria-labelledby=\"elementor-tab-title-2521\" tabindex=\"0\" hidden=\"false\"><ul><li>Pol\u00edticas de Investigaci\u00f3n, Desarrollo e Innovaci\u00f3n USACH. <a href=\"https:\/\/vriic.usach.cl\/wp-content\/uploads\/2021\/08\/Politica-de-Investigacion-1.pdf\" target=\"_blank\" rel=\"noopener\">DESCARGAR<\/a><\/li><li>Reglamento Propiedad Intelectual <a href=\"https:\/\/vriic.usach.cl\/wp-content\/uploads\/2021\/08\/Reglamento-de-Propiedad-Intelectual-vf.pdf\" target=\"_blank\" rel=\"noopener\">DESCARGAR<\/a><\/li><li>Reglamento de Emprendimiento <a href=\"https:\/\/vriic.usach.cl\/wp-content\/uploads\/2021\/08\/Reglamento-de-Emprendimiento.pdf\" target=\"_blank\" rel=\"noopener\">DESCARGAR<\/a><\/li><li>Reglamento de Confl\u00edcto de Inter\u00e9s <a href=\"https:\/\/vriic.usach.cl\/wp-content\/uploads\/2021\/08\/Reglamento-de-Conflicto-de-Interes.pdf\" target=\"_blank\" rel=\"noopener\">DESCARGAR<\/a><\/li><li>Reglamento de overhead y gastos de administraci\u00f3n <a href=\"https:\/\/vriic.usach.cl\/wp-content\/uploads\/2021\/08\/Reglamento-de-overhead_gastos-de-administracion.pdf\" target=\"_blank\" rel=\"noopener\">DESCARGAR<\/a><\/li><\/ul><\/div>\n\t\t\t\t\t\t\t\t\t<div class=\"elementor-tab-title elementor-tab-mobile-title\" aria-selected=\"false\" data-tab=\"2\" role=\"tab\" tabindex=\"-1\" aria-controls=\"elementor-tab-content-2522\" aria-expanded=\"false\">PROCESOS GENERALES<\/div>\n\t\t\t\t\t<div id=\"elementor-tab-content-2522\" class=\"elementor-tab-content elementor-clearfix\" data-tab=\"2\" role=\"tabpanel\" aria-labelledby=\"elementor-tab-title-2522\" tabindex=\"0\" hidden=\"hidden\"><ul><li>Proceso de Gesti\u00f3n de Emprendimiento \u2013 Preincubaci\u00f3n <a href=\"https:\/\/dinem.usach.cl\/wp-content\/uploads\/2021\/09\/Proceso-de-preincubacio\u0301n.pdf\" target=\"_blank\" rel=\"noopener\">DESCARGAR<\/a><\/li><li>Proceso de Gesti\u00f3n del Emprendimiento \u2013 Incubaci\u00f3n <a href=\"https:\/\/dinem.usach.cl\/wp-content\/uploads\/2021\/09\/Proceso-de-incubacio\u0301n.pdf\" target=\"_blank\" rel=\"noopener\">DESCARGAR<\/a><\/li><\/ul><\/div>\n\t\t\t\t\t\t\t\t\t<div class=\"elementor-tab-title elementor-tab-mobile-title\" aria-selected=\"false\" data-tab=\"3\" role=\"tab\" tabindex=\"-1\" aria-controls=\"elementor-tab-content-2523\" aria-expanded=\"false\">GU\u00cdAS Y MANUALES<\/div>\n\t\t\t\t\t<div id=\"elementor-tab-content-2523\" class=\"elementor-tab-content elementor-clearfix\" data-tab=\"3\" role=\"tabpanel\" aria-labelledby=\"elementor-tab-title-2523\" tabindex=\"0\" hidden=\"hidden\"><ul><li>Manual de Creaci\u00f3n de Empresa de Base Tecnol\u00f3gica <a href=\"https:\/\/vriic.usach.cl\/wp-content\/uploads\/2021\/08\/manual-cebt.pdf\" target=\"_blank\" rel=\"noopener\">DESCARGAR<\/a><\/li><\/ul><\/div>\n\t\t\t\t\t\t\t\t\t<div class=\"elementor-tab-title elementor-tab-mobile-title\" aria-selected=\"false\" data-tab=\"4\" role=\"tab\" tabindex=\"-1\" aria-controls=\"elementor-tab-content-2524\" aria-expanded=\"false\">SOLICITUDES  DE COMPRA VRIIC<\/div>\n\t\t\t\t\t<div id=\"elementor-tab-content-2524\" class=\"elementor-tab-content elementor-clearfix\" data-tab=\"4\" role=\"tabpanel\" aria-labelledby=\"elementor-tab-title-2524\" tabindex=\"0\" hidden=\"hidden\"><ul><li>Convenio a Honorarios Pago por Producto\u00a0<a href=\"https:\/\/vriic.usach.cl\/wp-content\/uploads\/2021\/08\/formulario_convenio_a_honorarios_por_producto_0_0.doc\" target=\"_blank\" rel=\"noopener\">DESCARGAR<\/a><\/li><li>Declaraci\u00f3n Director Contrato por Producto\u00a0<a href=\"https:\/\/vriic.usach.cl\/wp-content\/uploads\/2021\/08\/declaracion_director_contrato_por_producto.docx\" target=\"_blank\" rel=\"noopener\">DESCARGAR<\/a><\/li><li>Documentos para generar Contratos a Honorarios\u00a0<a href=\"https:\/\/vriic.usach.cl\/wp-content\/uploads\/2021\/08\/documentos_para_generar_contratos_de_honorario.xls\" target=\"_blank\" rel=\"noopener\">DESCARGAR<\/a><\/li><li>Solicitud Contrataci\u00f3n Honorarios\u00a0<a href=\"https:\/\/vriic.usach.cl\/wp-content\/uploads\/2021\/08\/formulario_convenio_a_honorarios_0.doc\" target=\"_blank\" rel=\"noopener\">DESCARGAR<\/a><\/li><li>Constancia de Expertos\u00a0<a href=\"https:\/\/vriic.usach.cl\/wp-content\/uploads\/2021\/08\/constancia_experto_0.doc\" target=\"_blank\" rel=\"noopener\">DESCARGAR<\/a><\/li><li>Solicitud Antecedentes\u00a0<a href=\"https:\/\/vriic.usach.cl\/wp-content\/uploads\/2021\/08\/solicitud_antec_al_gabinete.pdf\" target=\"_blank\" rel=\"noopener\">DESCARGAR<\/a><\/li><li>Formulario de Compra de Pasajes Nacionales e Internacionales\u00a0<a href=\"https:\/\/vriic.usach.cl\/wp-content\/uploads\/2021\/08\/formulario_solicitud_de_pasajes_2017.doc\" target=\"_blank\" rel=\"noopener\">DESCARGAR<\/a><\/li><li>Formulario de Compra Directa entre 3 y 10 UTM\u00a0<a href=\"https:\/\/vriic.usach.cl\/wp-content\/uploads\/2021\/08\/formulario_compra_directa_entre_3_y_10_utm_2017.doc\" target=\"_blank\" rel=\"noopener\">DESCARGAR<\/a><\/li><li>Formulario de Convenio Marco de Bienes o Servicios\u00a0<a href=\"https:\/\/vriic.usach.cl\/wp-content\/uploads\/2021\/08\/formulario_solicitud_convenio_marco_2017.doc\" target=\"_blank\" rel=\"noopener\">DESCARGAR<\/a><\/li><li>Formulario de Trato Directo (Menor a 100 UTM)\u00a0<a href=\"https:\/\/vriic.usach.cl\/wp-content\/uploads\/2021\/08\/formulario_trato_directo_menos_a_100_utm.doc\" target=\"_blank\" rel=\"noopener\">DESCARGAR<\/a><\/li><li>Formulario de Trato Directo (Mayor a 100 UTM)\u00a0<a href=\"https:\/\/vriic.usach.cl\/wp-content\/uploads\/2021\/08\/formulario_trato_directo_mayor_a_100_utm.doc\">DESCARGAR<\/a><\/li><li>Formulario de Trato Directo V\u00eda Importaci\u00f3n\u00a0<a href=\"https:\/\/vriic.usach.cl\/wp-content\/uploads\/2021\/08\/formulario_trato_directo_via_importacion_0.doc\" target=\"_blank\" rel=\"noopener\">DESCARGAR<\/a><\/li><li>Formulario Intercambio Cient\u00edfico Cultural (ICC)\u00a0<a href=\"https:\/\/vriic.usach.cl\/wp-content\/uploads\/2021\/08\/formulario_icc.doc\" target=\"_blank\" rel=\"noopener\">DESCARGAR<\/a><\/li><li>Formulario para Compra Licitaci\u00f3n\u00a0<a href=\"https:\/\/vriic.usach.cl\/wp-content\/uploads\/2021\/08\/formulario_compra_licitacion.doc\" target=\"_blank\" rel=\"noopener\">DESCARGAR<\/a><\/li><li>Formulario Recibo de Vi\u00e1ticos\u00a0<a href=\"https:\/\/vriic.usach.cl\/wp-content\/uploads\/2021\/08\/formulario_recibo_de_viaticos_2017.doc\" target=\"_blank\" rel=\"noopener\">DESCARGAR<\/a><\/li><li>Formulario Rendici\u00f3n Fondo por Rendir\u00a0<a href=\"https:\/\/vriic.usach.cl\/wp-content\/uploads\/2021\/08\/formulario_rendicion_fondo_por_rendir_2017.docx\" target=\"_blank\" rel=\"noopener\">DESCARGAR<\/a><\/li><li>Formulario Solicitud de Becas\u00a0<a href=\"https:\/\/vriic.usach.cl\/wp-content\/uploads\/2021\/08\/solicitud_becas.doc\" target=\"_blank\" rel=\"noopener\">DESCARGAR<\/a><\/li><li>Formulario Solicitud Fondo por Rendir\u00a0<a href=\"https:\/\/vriic.usach.cl\/wp-content\/uploads\/2021\/08\/formulario_solicitud_fondo_por_rendir_2017.doc\" target=\"_blank\" rel=\"noopener\">DESCARGAR<\/a><\/li><li>Formulario de Reintegros\u00a0<a href=\"https:\/\/vriic.usach.cl\/wp-content\/uploads\/2021\/08\/reintegros.doc\" target=\"_blank\" rel=\"noopener\">DESCARGAR<\/a>\u00a0<\/li><\/ul><\/div>\n\t\t\t\t\t\t\t<\/div>\n\t\t<\/div>\n\t\t\t\t<\/div>\n\t\t\t\t<\/div>\n\t\t\t\t\t<\/div>\n\t\t<\/div>\n\t\t\t\t\t\t\t<\/div>\n\t\t<\/section>\n\t\t\t\t\t\t\t<\/div>\n\t\t","protected":false},"excerpt":{"rendered":"<p>REPOSITORIO DE DOCUMENTOS DINEM POL\u00cdTICAS Y REGLAMENTOS PROCESOS GENERALES GU\u00cdAS Y MANUALES SOLICITUDES DE COMPRA VRIIC POL\u00cdTICAS Y REGLAMENTOS Pol\u00edticas de Investigaci\u00f3n, Desarrollo e Innovaci\u00f3n USACH. DESCARGAR Reglamento Propiedad Intelectual DESCARGAR Reglamento de Emprendimiento DESCARGAR Reglamento de Confl\u00edcto de Inter\u00e9s DESCARGAR Reglamento de overhead y gastos de administraci\u00f3n DESCARGAR PROCESOS GENERALES Proceso de Gesti\u00f3n de &hellip;<\/p>\n<p class=\"read-more\"> <a class=\"\" href=\"https:\/\/dinem.usach.cl\/index.php\/documentos-y-procesos\/\"> <span class=\"screen-reader-text\">DOCUMENTOS Y PROCESOS<\/span> Read More &raquo;<\/a><\/p>\n","protected":false},"author":1,"featured_media":0,"parent":0,"menu_order":0,"comment_status":"closed","ping_status":"closed","template":"elementor_header_footer","meta":{"inline_featured_image":false,"site-sidebar-layout":"no-sidebar","site-content-layout":"page-builder","ast-site-content-layout":"","site-content-style":"default","site-sidebar-style":"default","ast-global-header-display":"","ast-banner-title-visibility":"","ast-main-header-display":"","ast-hfb-above-header-display":"","ast-hfb-below-header-display":"","ast-hfb-mobile-header-display":"","site-post-title":"disabled","ast-breadcrumbs-content":"","ast-featured-img":"disabled","footer-sml-layout":"","theme-transparent-header-meta":"default","adv-header-id-meta":"","stick-header-meta":"","header-above-stick-meta":"","header-main-stick-meta":"","header-below-stick-meta":"","astra-migrate-meta-layouts":"","ast-page-background-enabled":"default","ast-page-background-meta":{"desktop":{"background-color":"","background-image":"","background-repeat":"repeat","background-position":"center center","background-size":"auto","background-attachment":"scroll","background-type":"","background-media":"","overlay-type":"","overlay-color":"","overlay-gradient":""},"tablet":{"background-color":"","background-image":"","background-repeat":"repeat","background-position":"center center","background-size":"auto","background-attachment":"scroll","background-type":"","background-media":"","overlay-type":"","overlay-color":"","overlay-gradient":""},"mobile":{"background-color":"","background-image":"","background-repeat":"repeat","background-position":"center center","background-size":"auto","background-attachment":"scroll","background-type":"","background-media":"","overlay-type":"","overlay-color":"","overlay-gradient":""}},"ast-content-background-meta":{"desktop":{"background-color":"var(--ast-global-color-5)","background-image":"","background-repeat":"repeat","background-position":"center center","background-size":"auto","background-attachment":"scroll","background-type":"","background-media":"","overlay-type":"","overlay-color":"","overlay-gradient":""},"tablet":{"background-color":"var(--ast-global-color-5)","background-image":"","background-repeat":"repeat","background-position":"center center","background-size":"auto","background-attachment":"scroll","background-type":"","background-media":"","overlay-type":"","overlay-color":"","overlay-gradient":""},"mobile":{"background-color":"var(--ast-global-color-5)","background-image":"","background-repeat":"repeat","background-position":"center center","background-size":"auto","background-attachment":"scroll","background-type":"","background-media":"","overlay-type":"","overlay-color":"","overlay-gradient":""}},"footnotes":""},"_links":{"self":[{"href":"https:\/\/dinem.usach.cl\/index.php\/wp-json\/wp\/v2\/pages\/64"}],"collection":[{"href":"https:\/\/dinem.usach.cl\/index.php\/wp-json\/wp\/v2\/pages"}],"about":[{"href":"https:\/\/dinem.usach.cl\/index.php\/wp-json\/wp\/v2\/types\/page"}],"author":[{"embeddable":true,"href":"https:\/\/dinem.usach.cl\/index.php\/wp-json\/wp\/v2\/users\/1"}],"replies":[{"embeddable":true,"href":"https:\/\/dinem.usach.cl\/index.php\/wp-json\/wp\/v2\/comments?post=64"}],"version-history":[{"count":73,"href":"https:\/\/dinem.usach.cl\/index.php\/wp-json\/wp\/v2\/pages\/64\/revisions"}],"predecessor-version":[{"id":4276,"href":"https:\/\/dinem.usach.cl\/index.php\/wp-json\/wp\/v2\/pages\/64\/revisions\/4276"}],"wp:attachment":[{"href":"https:\/\/dinem.usach.cl\/index.php\/wp-json\/wp\/v2\/media?parent=64"}],"curies":[{"name":"wp","href":"https:\/\/api.w.org\/{rel}","templated":true}]}}